{"id":3052,"date":"2020-09-07T21:51:02","date_gmt":"2020-09-07T21:51:02","guid":{"rendered":"http:\/\/www5.milwaukee.k12.wi.us\/school\/hayes\/?page_id=3052"},"modified":"2025-06-17T16:36:01","modified_gmt":"2025-06-17T16:36:01","slug":"andie-stella","status":"publish","type":"page","link":"https:\/\/mps.school\/hayes\/about\/staff-directory\/andie-stella\/","title":{"rendered":"Andie Stella"},"content":{"rendered":"<p>[et_pb_section fb_built=&#8221;1&#8243; admin_label=&#8221;section&#8221; _builder_version=&#8221;4.19.2&#8243; global_colors_info=&#8221;{}&#8221;][et_pb_row admin_label=&#8221;row&#8221; _builder_version=&#8221;4.16&#8243; background_size=&#8221;initial&#8221; background_position=&#8221;top_left&#8221; background_repeat=&#8221;repeat&#8221; min_height=&#8221;411px&#8221; global_colors_info=&#8221;{}&#8221;][et_pb_column type=&#8221;4_4&#8243; admin_label=&#8221;Column&#8221; _builder_version=&#8221;4.16&#8243; custom_padding=&#8221;|||&#8221; global_colors_info=&#8221;{}&#8221; custom_padding__hover=&#8221;|||&#8221;][et_pb_text admin_label=&#8221;Text&#8221; _builder_version=&#8221;4.19.2&#8243; background_size=&#8221;initial&#8221; background_position=&#8221;top_left&#8221; background_repeat=&#8221;repeat&#8221; global_colors_info=&#8221;{}&#8221;]<\/p>\n<p><img loading=\"lazy\" decoding=\"async\" src=\"https:\/\/mpsschoolsites.wpenginepowered.com\/hayes\/wp-content\/uploads\/sites\/12\/2025\/06\/IMG_6730-225x300.jpg\" width=\"225\" height=\"300\" alt=\"\" class=\"wp-image-235493 alignnone size-medium\" srcset=\"https:\/\/mps.school\/hayes\/wp-content\/uploads\/sites\/12\/2025\/06\/IMG_6730-225x300.jpg 225w, https:\/\/mps.school\/hayes\/wp-content\/uploads\/sites\/12\/2025\/06\/IMG_6730-rotated.jpg 480w\" sizes=\"(max-width: 225px) 100vw, 225px\" \/><\/p>\n<p><strong>Position:<\/strong> Library Media and Information and Technology Specialist<\/p>\n<p><strong>Email:<\/strong>\u00a0<a href=\"mailto:kelnhote@milwaukee.k12.wi.us\">stellaa@milwaukee.k12.wi.us<\/a><\/p>\n<p><strong>Room:<\/strong> Library<\/p>\n<p><strong>Teaching since:<\/strong> 2025 @ Hayes Bilingual<\/p>\n<p><strong>Degree(s)\/Certification(s):<\/strong> BS (Integrative Studies w\/ major in Art &amp; Art History w\/ minor in Creative Writing), Alverno College 2018; MS (Library and Information Science), University of Wisconsin &#8211; Milwaukee. Certifications in Instructional Library Media<\/p>\n<p><strong>Where did you go to college?<\/strong> Alverno College and UW-Milwaukee<\/p>\n<p><strong>Fun fact:<\/strong> Mrs. Stella is a local artist in her Milwaukee community and loves discovering new places to explore.<\/p>\n<p>[\/et_pb_text][\/et_pb_column][\/et_pb_row][\/et_pb_section][et_pb_section fb_built=&#8221;1&#8243; _builder_version=&#8221;4.19.2&#8243; _module_preset=&#8221;default&#8221; global_colors_info=&#8221;{}&#8221;][et_pb_row _builder_version=&#8221;4.19.2&#8243; _module_preset=&#8221;default&#8221; global_colors_info=&#8221;{}&#8221;][et_pb_column type=&#8221;4_4&#8243; _builder_version=&#8221;4.19.2&#8243; _module_preset=&#8221;default&#8221; global_colors_info=&#8221;{}&#8221;][et_pb_image _builder_version=&#8221;4.19.2&#8243; _module_preset=&#8221;default&#8221; global_colors_info=&#8221;{}&#8221;][\/et_pb_image][\/et_pb_column][\/et_pb_row][\/et_pb_section][et_pb_section fb_built=&#8221;1&#8243; _builder_version=&#8221;4.19.2&#8243; _module_preset=&#8221;default&#8221; global_colors_info=&#8221;{}&#8221;][et_pb_row _builder_version=&#8221;4.19.2&#8243; _module_preset=&#8221;default&#8221; global_colors_info=&#8221;{}&#8221;][et_pb_column type=&#8221;4_4&#8243; admin_label=&#8221;Column&#8221; _builder_version=&#8221;4.19.2&#8243; _module_preset=&#8221;default&#8221; global_colors_info=&#8221;{}&#8221;][et_pb_image _builder_version=&#8221;4.19.2&#8243; _module_preset=&#8221;default&#8221; global_colors_info=&#8221;{}&#8221;][\/et_pb_image][\/et_pb_column][\/et_pb_row][\/et_pb_section]<\/p>\n","protected":false},"excerpt":{"rendered":"<p>Position: Library Media and Information and Technology Specialist Email:\u00a0stellaa@milwaukee.k12.wi.us Room: Library Teaching since: 2025 @ Hayes Bilingual Degree(s)\/Certification(s): BS (Integrative Studies w\/ major in Art &amp; Art History w\/ minor in Creative Writing), Alverno College 2018; MS (Library and Information Science), University of Wisconsin &#8211; Milwaukee. Certifications in Instructional Library Media Where did you go [&hellip;]<\/p>\n","protected":false},"author":3,"featured_media":0,"parent":9,"menu_order":0,"comment_status":"closed","ping_status":"closed","template":"","meta":{"_et_pb_use_builder":"on","_et_pb_old_content":"<a href=\"https:\/\/sites.google.com\/milwaukee.k12.wi.us\/hayes-bilingual-school-library\/inicio\" target=\"_blank\" rel=\"noopener noreferrer\"><img class=\"aligncenter size-full wp-image-3387\" src=\"https:\/\/mpsschoolsites.wpenginepowered.com\/hayes\/wp-content\/uploads\/sites\/12\/2020\/12\/Online-Learning-Resources-Blue.gif\" alt=\"\" width=\"728\" height=\"90\" \/><\/a><img class=\"alignleft wp-image-3053\" src=\"https:\/\/mpsschoolsites.wpenginepowered.com\/hayes\/wp-content\/uploads\/sites\/12\/2020\/09\/Kelnhofer-Mr.png\" alt=\"\" width=\"227\" height=\"215\" \/>Position:\u00a0Library Media and Information and Technology Specialist\r\n\r\nEmail:\u00a0<a href=\"mailto:kelnhote@milwaukee.k12.wi.us\">kelnhote@milwaukee.k12.wi.us<\/a>\r\n\r\n<a href=\"https:\/\/sites.google.com\/milwaukee.k12.wi.us\/hayes-bilingual-school-library\/home\">Hayes Library Website \/ Sitio web de la Biblioteca Hayes<\/a>\r\n\r\nTeaching since: 1991\u00a0 \u00a0 Teacher, 1994-2010 @ Hayes Bilingual and August 2020-Present\r\n\r\nDegree(s)\/Certification(s): BS (Elementary Education), UW Milwaukee 1989; MS (Computer Science in Education and Educational Leadership), Cardinal Stritch University 1996 and 2014.\u00a0 Certifications in Bilingual Education and\u00a0Instructional Library Media\r\n\r\nWhere did you go to college? UW Milwaukee and Cardinal Stritch University\r\n\r\nRoom #:\u00a0Library\r\n\r\nFun fact:\u00a0Mr. Kelnhofer enjoys visiting natural science and history museums and scenic places, with his wife.\r\n\r\nEspa\u00f1ol:\r\n\r\nPuesto: Especialista en tecnolog\u00eda e informaci\u00f3n y medios bibliotecarios\r\n\r\nCorreo electr\u00f3nico:\u00a0\u00a0<a href=\"mailto:kelnhote@milwaukee.k12.wi.us\">kelnhote@milwaukee.k12.wi.us<\/a>\r\n\r\n<a href=\"https:\/\/sites.google.com\/milwaukee.k12.wi.us\/hayes-bilingual-school-library\/home\">Hayes Library Website \/ Sitio web de la Biblioteca Hayes<\/a>\r\n\r\nEnse\u00f1ando desde: 1991-- 1994-2010 en Hayes Bilingual y Agosto 2020-Presente\r\n\r\nCertificaci\u00f3n(es): BS (Educaci\u00f3n Primaria), UW Milwaukee 1989; MS (Ciencias de la Computaci\u00f3n en Educaci\u00f3n y Liderazgo Educativo), Cardinal Stritch University 1996 y 2014. Certificaciones en Educaci\u00f3n Biling\u00fce y Medios de Biblioteca de Instrucci\u00f3n\r\n\r\n\u00bfD\u00f3nde asististe a la universidad Universidad? UW Milwaukee y Cardinal Stritch University\r\n\r\nSal\u00f3n: Biblioteca\r\n\r\nHecho interesante: El Sr. Kelnhofer disfruta visitar museos de historia y ciencias naturales y lugares pintorescos, con su esposa.\r\n\r\n[caption id=\"attachment_3387\" align=\"aligncenter\" width=\"728\"]<a href=\"https:\/\/sites.google.com\/milwaukee.k12.wi.us\/hayes-bilingual-school-library\/inicio\" target=\"_blank\" rel=\"noopener noreferrer\"><img class=\"wp-image-3387 size-full\" src=\"https:\/\/mpsschoolsites.wpenginepowered.com\/hayes\/wp-content\/uploads\/sites\/12\/2020\/12\/Online-Learning-Resources-Blue.gif\" alt=\"\" width=\"728\" height=\"90\" \/><\/a> Recursos de la Biblioteca Hayes[\/caption]","_et_gb_content_width":"","_mc_calendar":[],"footnotes":""},"class_list":["post-3052","page","type-page","status-publish","hentry"],"_links":{"self":[{"href":"https:\/\/mps.school\/hayes\/wp-json\/wp\/v2\/pages\/3052","targetHints":{"allow":["GET"]}}],"collection":[{"href":"https:\/\/mps.school\/hayes\/wp-json\/wp\/v2\/pages"}],"about":[{"href":"https:\/\/mps.school\/hayes\/wp-json\/wp\/v2\/types\/page"}],"author":[{"embeddable":true,"href":"https:\/\/mps.school\/hayes\/wp-json\/wp\/v2\/users\/3"}],"replies":[{"embeddable":true,"href":"https:\/\/mps.school\/hayes\/wp-json\/wp\/v2\/comments?post=3052"}],"version-history":[{"count":0,"href":"https:\/\/mps.school\/hayes\/wp-json\/wp\/v2\/pages\/3052\/revisions"}],"up":[{"embeddable":true,"href":"https:\/\/mps.school\/hayes\/wp-json\/wp\/v2\/pages\/9"}],"wp:attachment":[{"href":"https:\/\/mps.school\/hayes\/wp-json\/wp\/v2\/media?parent=3052"}],"curies":[{"name":"wp","href":"https:\/\/api.w.org\/{rel}","templated":true}]}}