{"id":46,"date":"2014-10-23T19:41:58","date_gmt":"2014-10-23T19:41:58","guid":{"rendered":"http:\/\/www5.milwaukee.k12.wi.us\/school\/hayes\/?page_id=46"},"modified":"2023-12-04T17:29:27","modified_gmt":"2023-12-04T17:29:27","slug":"sylvia-banda","status":"publish","type":"page","link":"https:\/\/mps.school\/hayes\/about\/staff-directory\/sylvia-banda\/","title":{"rendered":"Sylvia Banda"},"content":{"rendered":"<p>[et_pb_section fb_built=&#8221;1&#8243; admin_label=&#8221;section&#8221; _builder_version=&#8221;4.16&#8243; global_colors_info=&#8221;{}&#8221; theme_builder_area=&#8221;post_content&#8221;][et_pb_row admin_label=&#8221;row&#8221; _builder_version=&#8221;4.16&#8243; background_size=&#8221;initial&#8221; background_position=&#8221;top_left&#8221; background_repeat=&#8221;repeat&#8221; global_colors_info=&#8221;{}&#8221; theme_builder_area=&#8221;post_content&#8221;][et_pb_column type=&#8221;4_4&#8243; _builder_version=&#8221;4.16&#8243; custom_padding=&#8221;|||&#8221; global_colors_info=&#8221;{}&#8221; custom_padding__hover=&#8221;|||&#8221; theme_builder_area=&#8221;post_content&#8221;][et_pb_text admin_label=&#8221;Text&#8221; _builder_version=&#8221;4.21.0&#8243; background_size=&#8221;initial&#8221; background_position=&#8221;top_left&#8221; background_repeat=&#8221;repeat&#8221; hover_enabled=&#8221;0&#8243; global_colors_info=&#8221;{}&#8221; theme_builder_area=&#8221;post_content&#8221; sticky_enabled=&#8221;0&#8243;]<\/p>\n<p><img loading=\"lazy\" decoding=\"async\" src=\"https:\/\/mpsschoolsites.wpenginepowered.com\/hayes\/wp-content\/uploads\/sites\/12\/2020\/09\/Banda-Mrs-278x300.png\" width=\"278\" height=\"300\" alt=\"Sylvia Banda\" class=\"wp-image-3068 alignright size-medium\" srcset=\"https:\/\/mps.school\/hayes\/wp-content\/uploads\/sites\/12\/2020\/09\/Banda-Mrs-278x300.png 278w, https:\/\/mps.school\/hayes\/wp-content\/uploads\/sites\/12\/2020\/09\/Banda-Mrs.png 438w\" sizes=\"(max-width: 278px) 100vw, 278px\" \/><strong>Position:<\/strong> 7th Grade Teacher<\/p>\n<p><strong>Email:<\/strong> <a href=\"mailto:bandasx@milwaukee.k12.wi.us\">bandasx@milwaukee.k12.wi.us<\/a><\/p>\n<p><strong>Room:<\/strong> 104<\/p>\n<p><strong>Phone:<\/strong> (414) 902-9600<\/p>\n<p><strong>Teaching since:<\/strong> February 2003<\/p>\n<p><strong>Degree(s)\/Certification(s):<\/strong> Bachelors of Science Bilingual Education 1-8, Masters of Education Curriculum and Instruction<\/p>\n<p><strong>Where did you go to college?<\/strong> Alverno College, National Louis University<\/p>\n<p><strong>Fun fact:<\/strong> I love to garden.<\/p>\n<p>[\/et_pb_text][\/et_pb_column][\/et_pb_row][\/et_pb_section]<\/p>\n","protected":false},"excerpt":{"rendered":"<p>Position: 7th Grade Teacher Email: bandasx@milwaukee.k12.wi.us Room: 104 Phone: (414) 902-9600 Teaching since: February 2003 Degree(s)\/Certification(s): Bachelors of Science Bilingual Education 1-8, Masters of Education Curriculum and Instruction Where did you go to college? Alverno College, National Louis University Fun fact: I love to garden.<\/p>\n","protected":false},"author":3,"featured_media":0,"parent":9,"menu_order":0,"comment_status":"open","ping_status":"open","template":"","meta":{"_et_pb_use_builder":"on","_et_pb_old_content":"<img class=\"alignleft wp-image-3068\" src=\"https:\/\/mpsschoolsites.wpenginepowered.com\/hayes\/wp-content\/uploads\/sites\/12\/2020\/09\/Banda-Mrs.png\" alt=\"\" width=\"286\" height=\"309\" \/>Name: \u00a0Sylvia Banda\n\nPosition: 7th Grade Teacher\n\nEmail: bandasx@milwaukee.k12.wi.us\n\nPhone: \u00a0902-9600\n\nTeaching since: February 2003\n\nDegree(s)\/Certification(s): Bachelors of Science Bilingual Education 1-8, Masters of Education Curriculum and Instruction\n\nWhere did you go to college?Alverno College, National Louis University\n\nRoom #: 104\n\nFun fact:\u00a0<em>\u00a0<\/em>Ms. Sylvia Banda loves to garden.\n\n<strong>Espa\u00f1ol<\/strong>\n\nNombre: Sylvia Banda\n\nPuesto: maestra de\u00a0septimo grado\n\nCorreo electr\u00f3nico: bandasx@milwaukee.k12.wi.us\n\nN\u00famero de tel\u00e9fono: 902-9600\n\nEnse\u00f1ando desde: 2003\n\nCertificaci\u00f3n(es): (B.S.)educaci\u00f3n biling\u00fce 1-8, Maestr\u00eda de educaci\u00f3n de instrucci\u00f3n y curr\u00edculo\n\n\u00bfD\u00f3nde asististe a la universidad? \u00a0Alverno College, National Louis University\n\nSal\u00f3n:\u00a0\u00a0104\n\nHecho interesante: Me encanta trabajar en el jard\u00edn.","_et_gb_content_width":"","_mc_calendar":[],"footnotes":""},"class_list":["post-46","page","type-page","status-publish","hentry"],"_links":{"self":[{"href":"https:\/\/mps.school\/hayes\/wp-json\/wp\/v2\/pages\/46","targetHints":{"allow":["GET"]}}],"collection":[{"href":"https:\/\/mps.school\/hayes\/wp-json\/wp\/v2\/pages"}],"about":[{"href":"https:\/\/mps.school\/hayes\/wp-json\/wp\/v2\/types\/page"}],"author":[{"embeddable":true,"href":"https:\/\/mps.school\/hayes\/wp-json\/wp\/v2\/users\/3"}],"replies":[{"embeddable":true,"href":"https:\/\/mps.school\/hayes\/wp-json\/wp\/v2\/comments?post=46"}],"version-history":[{"count":0,"href":"https:\/\/mps.school\/hayes\/wp-json\/wp\/v2\/pages\/46\/revisions"}],"up":[{"embeddable":true,"href":"https:\/\/mps.school\/hayes\/wp-json\/wp\/v2\/pages\/9"}],"wp:attachment":[{"href":"https:\/\/mps.school\/hayes\/wp-json\/wp\/v2\/media?parent=46"}],"curies":[{"name":"wp","href":"https:\/\/api.w.org\/{rel}","templated":true}]}}