{"id":57,"date":"2014-10-23T19:59:59","date_gmt":"2014-10-23T19:59:59","guid":{"rendered":"http:\/\/www5.milwaukee.k12.wi.us\/school\/hayes\/?page_id=57"},"modified":"2023-12-04T16:46:25","modified_gmt":"2023-12-04T16:46:25","slug":"elieser-burgos","status":"publish","type":"page","link":"https:\/\/mps.school\/hayes\/about\/staff-directory\/elieser-burgos\/","title":{"rendered":"Elieser Burgos"},"content":{"rendered":"<p>[et_pb_section fb_built=&#8221;1&#8243; admin_label=&#8221;section&#8221; _builder_version=&#8221;4.16&#8243; global_colors_info=&#8221;{}&#8221; theme_builder_area=&#8221;post_content&#8221;][et_pb_row admin_label=&#8221;row&#8221; _builder_version=&#8221;4.16&#8243; background_size=&#8221;initial&#8221; background_position=&#8221;top_left&#8221; background_repeat=&#8221;repeat&#8221; global_colors_info=&#8221;{}&#8221; theme_builder_area=&#8221;post_content&#8221;][et_pb_column type=&#8221;4_4&#8243; _builder_version=&#8221;4.16&#8243; custom_padding=&#8221;|||&#8221; global_colors_info=&#8221;{}&#8221; custom_padding__hover=&#8221;|||&#8221; theme_builder_area=&#8221;post_content&#8221;][et_pb_text admin_label=&#8221;Text&#8221; _builder_version=&#8221;4.21.0&#8243; background_size=&#8221;initial&#8221; background_position=&#8221;top_left&#8221; background_repeat=&#8221;repeat&#8221; hover_enabled=&#8221;0&#8243; global_colors_info=&#8221;{}&#8221; theme_builder_area=&#8221;post_content&#8221; sticky_enabled=&#8221;0&#8243;]<\/p>\n<p><img loading=\"lazy\" decoding=\"async\" src=\"https:\/\/mpsschoolsites.wpenginepowered.com\/hayes\/wp-content\/uploads\/sites\/12\/2020\/09\/Burgos-E-Mr-268x300.png\" width=\"268\" height=\"300\" alt=\" Elieser Burgos\" class=\"wp-image-3085 alignright size-medium\" srcset=\"https:\/\/mps.school\/hayes\/wp-content\/uploads\/sites\/12\/2020\/09\/Burgos-E-Mr-268x300.png 268w, https:\/\/mps.school\/hayes\/wp-content\/uploads\/sites\/12\/2020\/09\/Burgos-E-Mr.png 408w\" sizes=\"(max-width: 268px) 100vw, 268px\" \/><strong>Position:<\/strong> Teacher<\/p>\n<p><strong>Email:<\/strong> <a href=\"mailto:burgose@milwaukee.k12.wi.us\">burgose@milwaukee.k12.wi.us<\/a><\/p>\n<p><strong>Room:<\/strong> 121<\/p>\n<p><strong>Teaching since:<\/strong> 2013<\/p>\n<p><strong>Degree(s)\/Certification(s):<\/strong> Criminal Justice, Special Ed Bilingual<\/p>\n<p><strong>Where did you go to college?<\/strong> Puerto Rico and Wisconsin<\/p>\n<p><strong>Fun fact:<\/strong> I enjoy sports and ride a motorcycle.<\/p>\n<p>[\/et_pb_text][\/et_pb_column][\/et_pb_row][\/et_pb_section]<\/p>\n","protected":false},"excerpt":{"rendered":"<p>Position: Teacher Email: burgose@milwaukee.k12.wi.us Room: 121 Teaching since: 2013 Degree(s)\/Certification(s): Criminal Justice, Special Ed Bilingual Where did you go to college? Puerto Rico and Wisconsin Fun fact: I enjoy sports and ride a motorcycle.<\/p>\n","protected":false},"author":3,"featured_media":0,"parent":9,"menu_order":0,"comment_status":"open","ping_status":"closed","template":"","meta":{"_et_pb_use_builder":"on","_et_pb_old_content":"<img class=\"alignleft  wp-image-3085\" src=\"https:\/\/mpsschoolsites.wpenginepowered.com\/hayes\/wp-content\/uploads\/sites\/12\/2020\/09\/Burgos-E-Mr.png\" alt=\"\" width=\"206\" height=\"230\" \/>Position: teacher\n\nEmail: burgose@milwaukee.k12.wi.us\n\nTeaching since: 2013\n\nDegree(s)\/Certification(s): Criminal Justice, Special Ed Bilingual\n\nWhere did you go to college? Puerto Rico, WI\n\nRoom #: 121\n\nFun fact:\u00a0<em>\u00a0<\/em>I enjoy sports and ride a motorcycle.\n<h3>Espanol<\/h3>\nPuesto: maestro\n\nCorreo electr\u00f3nico: burgose@milwaukee.k12.wi.us\n\nN\u00famero de tel\u00e9fono:\n\nEnse\u00f1ando desde: 2013\n\nCertificaci\u00f3n(es): educaci\u00f3n especial, biling\u00fce\n\n\u00bfD\u00f3nde asististe a la universidad? \u00a0Puerto Rico, WI\n\nSal\u00f3n: 121","_et_gb_content_width":"","_mc_calendar":[],"footnotes":""},"class_list":["post-57","page","type-page","status-publish","hentry"],"_links":{"self":[{"href":"https:\/\/mps.school\/hayes\/wp-json\/wp\/v2\/pages\/57","targetHints":{"allow":["GET"]}}],"collection":[{"href":"https:\/\/mps.school\/hayes\/wp-json\/wp\/v2\/pages"}],"about":[{"href":"https:\/\/mps.school\/hayes\/wp-json\/wp\/v2\/types\/page"}],"author":[{"embeddable":true,"href":"https:\/\/mps.school\/hayes\/wp-json\/wp\/v2\/users\/3"}],"replies":[{"embeddable":true,"href":"https:\/\/mps.school\/hayes\/wp-json\/wp\/v2\/comments?post=57"}],"version-history":[{"count":0,"href":"https:\/\/mps.school\/hayes\/wp-json\/wp\/v2\/pages\/57\/revisions"}],"up":[{"embeddable":true,"href":"https:\/\/mps.school\/hayes\/wp-json\/wp\/v2\/pages\/9"}],"wp:attachment":[{"href":"https:\/\/mps.school\/hayes\/wp-json\/wp\/v2\/media?parent=57"}],"curies":[{"name":"wp","href":"https:\/\/api.w.org\/{rel}","templated":true}]}}