{"id":16,"date":"2015-02-18T18:38:39","date_gmt":"2015-02-18T18:38:39","guid":{"rendered":"http:\/\/www5.milwaukee.k12.wi.us\/school\/mitchell\/?page_id=16"},"modified":"2026-01-21T16:01:21","modified_gmt":"2026-01-21T16:01:21","slug":"principals-message","status":"publish","type":"page","link":"https:\/\/mps.school\/mitchell\/about\/principals-message\/","title":{"rendered":"Principal&#8217;s Message"},"content":{"rendered":"<p>[et_pb_section fb_built=&#8221;1&#8243; admin_label=&#8221;section&#8221; _builder_version=&#8221;4.16&#8243; global_colors_info=&#8221;{}&#8221; theme_builder_area=&#8221;post_content&#8221;][et_pb_row admin_label=&#8221;row&#8221; _builder_version=&#8221;4.16&#8243; background_size=&#8221;initial&#8221; background_position=&#8221;top_left&#8221; background_repeat=&#8221;repeat&#8221; global_colors_info=&#8221;{}&#8221; theme_builder_area=&#8221;post_content&#8221;][et_pb_column type=&#8221;4_4&#8243; _builder_version=&#8221;4.16&#8243; custom_padding=&#8221;|||&#8221; global_colors_info=&#8221;{}&#8221; custom_padding__hover=&#8221;|||&#8221; theme_builder_area=&#8221;post_content&#8221;][et_pb_text admin_label=&#8221;Text&#8221; _builder_version=&#8221;4.19.2&#8243; background_size=&#8221;initial&#8221; background_position=&#8221;top_left&#8221; background_repeat=&#8221;repeat&#8221; global_colors_info=&#8221;{}&#8221; theme_builder_area=&#8221;post_content&#8221;]<\/p>\n<p><img loading=\"lazy\" decoding=\"async\" style=\"border-radius: 500px 500px 500px 500px; overflow: hidden;\" src=\"https:\/\/mpsschoolsites.wpenginepowered.com\/mitchell\/wp-content\/uploads\/sites\/30\/2024\/09\/Kim-Malacara-300x300.jpg\" width=\"300\" height=\"300\" alt=\"Kim Malacara\" class=\"wp-image-235596 alignright size-medium\" \/>Welcome to Alexander Mitchell Integrated Arts School! Mitchell has been serving students and families in the Muskego Way Neighborhood for 130 years. Mitchell serves over 800 students from K3 through eighth grade, offering bilingual, as well as English-only classes. Although Mitchell is a large school, our approach is to offer a warm and caring environment that celebrates each individual adult and child. We want our families to feel welcome in our school. We are your school and we are here for you! My name is Kim Malacara and I am the proud principal of Mitchell. Our vision at Mitchell is to engage students in student-centered learning that encourages student voice, questions, and extends learning beyond the classroom.<\/p>\n<p>The family voice is always welcomed. We believe that we are a team and that the school and family need to work side-by-side to help our Mitchell children to grow in their learning each and every day. We welcome parents and caregivers to join our Family Leadership Organization, which meets monthly. Parent volunteers are in our building every day. Ask our Parent Coordinator Yeimina Rivera how you can get involved!<\/p>\n<p>We also believe that students need to be supported socially and emotionally. Teachers begin every school day with restorative circles. Circle time involves a question of the day, anything from \u201cWhat\u2019s your favorite food?\u201d to \u201cHow are you feeling today?\u201d Circle time reminds students that their voices and their feelings are valued every day. How a student feels has a great impact on their learning. We want students to feel supported and comfortable in their classrooms so that they can learn to their full potential.<\/p>\n<p>We hope that you find Mitchell a welcoming place to be and that you decide to stay at Mitchell for your child\u2019s entire K-8 experience. Every adult and every child are valued for their input, strengths, and individuality. At Mitchell, we are here to work with you and your child every step of the way.<\/p>\n<p>Please\u00a0reach out at any time to learn more about Mitchell School.<\/p>\n<p>Sincerely,<\/p>\n<p>Kim Malacara, principal<br \/>Alexander Mitchell Integrated Arts School<br \/>(414) 902-8100<\/p>\n<p>[\/et_pb_text][\/et_pb_column][\/et_pb_row][\/et_pb_section]<\/p>\n","protected":false},"excerpt":{"rendered":"<p>Welcome to Alexander Mitchell Integrated Arts School! Mitchell has been serving students and families in the Muskego Way Neighborhood for 130 years. Mitchell serves over 800 students from K3 through eighth grade, offering bilingual, as well as English-only classes. Although Mitchell is a large school, our approach is to offer a warm and caring environment [&hellip;]<\/p>\n","protected":false},"author":3,"featured_media":0,"parent":1702,"menu_order":0,"comment_status":"open","ping_status":"closed","template":"","meta":{"_et_pb_use_builder":"on","_et_pb_old_content":"<h5><\/h5>\nWelcome to Alexander Mitchell Integrated Arts School! Mitchell has been serving students and families in the Muskego Way Neighborhood for over 125 years. Mitchell serves over 700 students from grades K3 through 8th grade, offering bilingual, as well as English-only classes. Although Mitchell is a large school, our approach is to offer a warm and caring environment that celebrates each individual adult and child. We want our families to feel welcome in our school. We are your school and we are here for you! My name is Kim Malacara and I am the proud principal of Mitchell. Our vision at Mitchell is to engage students in student-centered learning, that encourages student voice, questions and extends learning beyond the classroom. We value students for their strengths and help them grow toward their academic and personal goals.\n\nFamily input is always welcomed. We believe that we are a team and that the school and family need to work side-by-side to help our Mitchell children to grow in their learning each and every day.\n\nCurrently, we are teaching virtually. We have clear systems in place that ensure that all students are being taught important grade-level standards each day and are being supported through valuable teacher feedback on a daily basis. Our teachers utilize instructional technology and strategies that engage students online through face-to-face instruction, promoting online discussions, and assisting students to meet the goals of each lesson.\n\nWe also believe that students need to be supported socially and emotionally, which is why we integrate into our lessons student check-ins to ensure that students are doing ok every day. How a student feels has a great impact on their learning. We want students to feel supported and comfortable in their classrooms so that they can learn to their full potential.\n\nWhether virtual or in person, we hope that you find Mitchell a welcoming place to be and that you decide to stay at Mitchell for your child\u2019s entire K-8 experience. Every adult and every child is valued for their input, strengths, and individuality. At Mitchell, we are here to work with you and your child every step of the way.\n\nPlease\u00a0browse through our\u00a0Mitchell website to learn more about us and our current virtual instructional plan.\n\n______________________________________________________________________________\n\n\u00a1Bienvenido a la Escuela de Artes Integradas Alexander Mitchell! Mitchell ha estado sirviendo a estudiantes y familias en el vecindario de Muskego Way durante m\u00e1s de 125 a\u00f1os. Mitchell atiende a m\u00e1s de 700 estudiantes desde los grados K3 hasta el octavo grado, y ofrece clases biling\u00fces y solo en ingl\u00e9s. Aunque Mitchell es una escuela grande, nuestro enfoque es ofrecer un ambiente c\u00e1lido y afectuoso que celebre a cada adulto y ni\u00f1o individualmente. Queremos que nuestras familias se sientan bienvenidas en nuestra escuela. \u00a1Somos tu escuela y estamos aqu\u00ed para ti! Mi nombre es Kim Malacara y soy la orgullosa directora de Mitchell. Nuestra visi\u00f3n en Mitchell es involucrar a los estudiantes en el aprendizaje centrado en el estudiante, que alienta la voz de los estudiantes, las preguntas y extiende el aprendizaje m\u00e1s all\u00e1 del aula. Valoramos a los estudiantes por sus fortalezas y los ayudamos a crecer hacia sus metas acad\u00e9micas y personales.\n\nLa opini\u00f3n de las familias siempre es bienvenida. Creemos que somos un equipo y que la escuela y la familia deben trabajar\u00a0mano a mano para ayudar a nuestros ni\u00f1os de Mitchell a crecer en su aprendizaje todos los d\u00edas.\n\nActualmente, estamos ense\u00f1ando virtualmente. Contamos con sistemas claros que garantizan que a todos los estudiantes se les ense\u00f1en est\u00e1ndares importantes de nivel de grado todos los d\u00edas y que reciban apoyo a trav\u00e9s de valiosos comentarios de los maestros a diario. Nuestros maestros utilizan tecnolog\u00eda y estrategias de instrucci\u00f3n que involucran a los estudiantes en l\u00ednea a trav\u00e9s de la instrucci\u00f3n cara a cara, promoviendo discusiones en l\u00ednea y ayudando a los estudiantes a alcanzar las metas de cada lecci\u00f3n.\n\nTambi\u00e9n creemos que los estudiantes necesitan apoyo social y emocional, por lo que integramos en nuestras lecciones los controles de los estudiantes para asegurarnos de que los estudiantes est\u00e9n bien todos los d\u00edas. C\u00f3mo se siente un estudiante tiene un gran impacto en su aprendizaje. Queremos que los estudiantes se sientan apoyados y c\u00f3modos en sus aulas para que puedan aprender a su m\u00e1ximo potencial.\n\nYa sea virtual o en persona, esperamos que encuentre en Mitchell un lugar acogedor para estar y que decida quedarse en Mitchell durante toda la experiencia de K-8 de su hijo. Cada adulto y cada ni\u00f1o es valorado por sus aportes, fortalezas e individualidad. En Mitchell, estamos aqu\u00ed para trabajar con usted y su hijo en cada paso del camino.\n\nExplore\u00a0nuestro sitio web Mitchell para obtener m\u00e1s informaci\u00f3n sobre nosotros y nuestro plan de instrucci\u00f3n virtual actual.\n<h5>[metaslider id=739]<\/h5>","_et_gb_content_width":"","_mc_calendar":[],"footnotes":""},"class_list":["post-16","page","type-page","status-publish","hentry"],"_links":{"self":[{"href":"https:\/\/mps.school\/mitchell\/wp-json\/wp\/v2\/pages\/16","targetHints":{"allow":["GET"]}}],"collection":[{"href":"https:\/\/mps.school\/mitchell\/wp-json\/wp\/v2\/pages"}],"about":[{"href":"https:\/\/mps.school\/mitchell\/wp-json\/wp\/v2\/types\/page"}],"author":[{"embeddable":true,"href":"https:\/\/mps.school\/mitchell\/wp-json\/wp\/v2\/users\/3"}],"replies":[{"embeddable":true,"href":"https:\/\/mps.school\/mitchell\/wp-json\/wp\/v2\/comments?post=16"}],"version-history":[{"count":0,"href":"https:\/\/mps.school\/mitchell\/wp-json\/wp\/v2\/pages\/16\/revisions"}],"up":[{"embeddable":true,"href":"https:\/\/mps.school\/mitchell\/wp-json\/wp\/v2\/pages\/1702"}],"wp:attachment":[{"href":"https:\/\/mps.school\/mitchell\/wp-json\/wp\/v2\/media?parent=16"}],"curies":[{"name":"wp","href":"https:\/\/api.w.org\/{rel}","templated":true}]}}