{"id":53,"date":"2015-02-18T20:44:42","date_gmt":"2015-02-18T20:44:42","guid":{"rendered":"http:\/\/www5.milwaukee.k12.wi.us\/school\/mitchell\/?page_id=53"},"modified":"2026-01-21T16:40:40","modified_gmt":"2026-01-21T16:40:40","slug":"academics","status":"publish","type":"page","link":"https:\/\/mps.school\/mitchell\/academics\/","title":{"rendered":"Academics"},"content":{"rendered":"<p>[et_pb_section fb_built=&#8221;1&#8243; admin_label=&#8221;section&#8221; _builder_version=&#8221;4.16&#8243; global_colors_info=&#8221;{}&#8221; theme_builder_area=&#8221;post_content&#8221;][et_pb_row admin_label=&#8221;row&#8221; _builder_version=&#8221;4.16&#8243; background_size=&#8221;initial&#8221; background_position=&#8221;top_left&#8221; background_repeat=&#8221;repeat&#8221; global_colors_info=&#8221;{}&#8221; theme_builder_area=&#8221;post_content&#8221;][et_pb_column type=&#8221;4_4&#8243; _builder_version=&#8221;4.16&#8243; custom_padding=&#8221;|||&#8221; global_colors_info=&#8221;{}&#8221; custom_padding__hover=&#8221;|||&#8221; theme_builder_area=&#8221;post_content&#8221;][et_pb_text admin_label=&#8221;Text&#8221; module_class=&#8221;page-intro&#8221; _builder_version=&#8221;4.19.2&#8243; background_size=&#8221;initial&#8221; background_position=&#8221;top_left&#8221; background_repeat=&#8221;repeat&#8221; global_colors_info=&#8221;{}&#8221; theme_builder_area=&#8221;post_content&#8221;]<\/p>\n<p>Every student receives personalized attention at Alexander Mitchell Integrated Arts School.<\/p>\n<p>[\/et_pb_text][et_pb_text _builder_version=&#8221;4.27.4&#8243; _module_preset=&#8221;default&#8221; hover_enabled=&#8221;0&#8243; global_colors_info=&#8221;{}&#8221; theme_builder_area=&#8221;post_content&#8221; sticky_enabled=&#8221;0&#8243;]During weekly academic meetings, teachers connect and collaborate across grade levels, subjects, and languages to learn what each student needs to succeed. Mitchell School scholars learn math, social studies, science, and other subjects through small-group lessons, student-led discussion, and other teaching practices that amplify the student voice. Parents are partners in education who attend workshops and theme nights that explain Mitchell School\u2019s approach to teaching and learning.<\/p>\n<blockquote><p>\u201cThere is more than one way to teach. There are multiple ways to capture a child\u2019s thinking and to build them into the person they are going to become.\u201d<br \/>\n<span style=\"float: right;\">\u2013 Kim Malacara, Principal<\/span><\/p><\/blockquote>\n<p><br style=\"clear: both;\" \/><br \/>\nDiscovering a child\u2019s unique learning style starts with relationship-building. Every morning, teachers and students build classroom community and trust as they exchange greetings, goals, and news. Students use the visual arts and classroom technology to present new knowledge to classmates and strengthen their communication and comprehension skills in English or Spanish\/English classrooms. Weekly art, gym, and music lessons\u2014and Mitchell\u2019s redeveloped schoolyard (est. 2023)\u2014also encourage student creativity and self-expression.<\/p>\n<h2>Ambitious Instruction Plan<\/h2>\n<p>The Milwaukee Public Schools <a href=\"https:\/\/mpsmke.com\/ambitiousinstruction\" target=\"_blank\" rel=\"noopener\">Ambitious Instruction Plan<\/a> recognizes and celebrates that our students come from many cultures and backgrounds. This plan focuses on high-quality, culturally appropriate teaching and learning. Our goal is to ensure that every student develops reading, writing, and math skills in ways that are meaningful to their individual lives and experiences. Our staff works together to understand each learner and find appropriate ways to assess and improve their progress. We then make sure that students can apply what they have learned in productive ways in school and in their community.<\/p>\n<h2>Common Core State Standards<\/h2>\n<p>The curriculum in Milwaukee Public Schools is based on <a href=\"https:\/\/www.thecorestandards.org\/\" target=\"_blank\" rel=\"noopener\">Common Core State Standards<\/a>. These standards were developed with teachers, school administrators, and experts to prepare all children for college and the workforce.<\/p>\n<h2>Curriculum<\/h2>\n<h3>Art<\/h3>\n<p>The visual arts are woven into classroom activities as students practice new skills and present new knowledge during research projects that lead to creative presentations and demonstrations. The art room is a makerspace where student artists find inspiration, supplies, and guidance to create artwork that beautifies our school.<br \/>\n<a id=\"bdll\"><\/a><\/p>\n<h3>Bilingual Education<\/h3>\n<p>Mitchell School is a proud bilingual, multicultural community that welcomes families from Milwaukee, as well as from Mexico, Honduras, Colombia, and other Spanish-speaking countries. More than 40 percent of our students are English Learners. Experienced educators help students achieve bilingual and biliteral proficiency using the Bilingual Dual Language framework:<\/p>\n<ul>\n<li><strong>Bilingual English\/Spanish:<\/strong> Students learn to comprehend, read, write, and speak English and Spanish proficiently.<\/li>\n<li><strong>English Language Development:<\/strong> Students develop literacy and proficiency in their native language of Spanish, while receiving support from English as a Second Language (ESL) teachers as they work toward fluency and literacy in their second language.<\/li>\n<\/ul>\n<p>In grades six through eight, bilingual students follow a departmentalized schedule. Traveling to different classrooms for science, math, and social studies lessons prepares them for high school. Whether students are working on reading proficiency in a monolingual or bilingual classroom, all children at Mitchell School are empowered to think of themselves as global citizens who can change the world.<\/p>\n<h3>Math<\/h3>\n<p>Class sizes are small from K4 to third grade through the Achievement Gap Reduction program. Teachers provide individualized attention as students learn, practice, and apply critical math skills. City Year student success coaches provide one-on-one and small-group tutoring during the school day and in our after-school enrichment program.<\/p>\n<p>Our redeveloped schoolyard includes new outdoor classrooms for earth science lessons and other STEM activities. Educators combine standards-based lessons with walks and talks through school gardens and green infrastructure to teach students about biodiversity, conservation, and caring for animal and human habitats.<\/p>\n<h3>Music<\/h3>\n<p>Music is part of our school culture, from weekly classes with our new music specialist in 2024-25 to live performances during our open house, talent show, and other family events.<\/p>\n<h3>Physical Education<\/h3>\n<p>Physical education classes promote mind-body wellness and teach students to plan and play together. What happens in gym class might even find its way onto our redeveloped schoolyard. Popular activities at this new gathering space include soccer, relaxation, and imaginary play.<\/p>\n<h3>Reading\/Language Arts<\/h3>\n<p>Class sizes are small from K4 to third grade through the Achievement Gap Reduction program. Teachers provide individualized attention as students learn, practice, and apply critical literacy skills. City Year student success coaches provide one-on-one and small-group tutoring during the school day and in our after-school enrichment program. In K4 through fifth grade, teachers provide 90 minutes of reading, writing, and oral language instruction daily. In grades six through eight, students receive one hour of daily literacy instruction.<\/p>\n<h2>Social-Emotional Lessons<\/h2>\n<p>In the school\u2019s dedicated Peace Room, students learn to recognize and respond to emotions of all shapes and sizes, and build a community of care where every person at Mitchell School feels valued, welcomed, and respected.<\/p>\n<h2>Special Education<\/h2>\n<p>MPS serves all children with disabilities, including cognitive, emotional, hearing, learning, physical, speech, and vision disabilities. The school\u2019s special education teachers, regular education teachers, school social worker, school psychologist, and administration work together to meet students\u2019 needs. Inclusion is an important part of this collaboration. As much as possible, teachers and staff bring all students together for classes and school-day events, so every student can contribute to school life and leadership.<\/p>\n<p>If you think your child has special education needs, ask your child\u2019s teacher or principal for an evaluation. For general questions about special education or <a href=\"https:\/\/www.milwaukeepublicschools.org\/about\/directory\/academics\/specialized-services\" target=\"_blank\" rel=\"noopener\">specialized services<\/a>, please call (414) 874-8493.<\/p>\n<p>&nbsp;[\/et_pb_text][\/et_pb_column][\/et_pb_row][\/et_pb_section]<\/p>\n","protected":false},"excerpt":{"rendered":"<p>Every student receives personalized attention at Alexander Mitchell Integrated Arts School.During weekly academic meetings, teachers connect and collaborate across grade levels, subjects, and languages to learn what each student needs to succeed. Mitchell School scholars learn math, social studies, science, and other subjects through small-group lessons, student-led discussion, and other teaching practices that amplify the [&hellip;]<\/p>\n","protected":false},"author":3,"featured_media":0,"parent":0,"menu_order":2,"comment_status":"open","ping_status":"closed","template":"","meta":{"_et_pb_use_builder":"on","_et_pb_old_content":"At Mitchell, we engage students in student-centered instruction. Our instruction includes student voice through questioning and including students\u2019 background knowledge into their learning. We also connect academic content areas so that learning is more meaningful and connected to students. Students reflect regularly on their knowledge and progress in order to grow toward their goals each day. We also integrate the arts into instruction by using art as a meaningful way to engage students in the content. Art is also used as a method for assessing students by having them show what they have learned through visual, movement, or oral forms of art.\n\nWhether online or in-person, we strive to support students\u2019 individual strengths, interests, and needs. It is important to us that students are engaged and feel ownership in their learning.\n\n<hr \/>\n\n<em>En Mitchell, involucramos a los estudiantes en una instrucci\u00f3n centrada en el estudiante. Nuestra instrucci\u00f3n incluye la voz de los estudiantes a trav\u00e9s de preguntas e incluye el conocimiento previo de los estudiantes en su aprendizaje. Tambi\u00e9n conectamos \u00e1reas de contenido acad\u00e9mico para que el aprendizaje sea m\u00e1s significativo y est\u00e9 m\u00e1s conectado con los estudiantes. Los estudiantes reflexionan regularmente sobre su conocimiento y progreso para crecer hacia sus metas cada d\u00eda. Tambi\u00e9n integramos las artes en la instrucci\u00f3n utilizando el arte como una forma significativa de involucrar a los estudiantes en el contenido. El arte tambi\u00e9n se utiliza como un m\u00e9todo para evaluar a los estudiantes al hacer que muestren lo que han aprendido a trav\u00e9s de formas de arte visual, de movimiento u oral.<\/em>\n\n<em>Ya sea en l\u00ednea o en persona, nos esforzamos por apoyar las fortalezas, intereses y necesidades individuales de los estudiantes. Para nosotros es importante que los estudiantes se involucren y se sientan due\u00f1os de su aprendizaje.<\/em>","_et_gb_content_width":"","_mc_calendar":[],"footnotes":""},"class_list":["post-53","page","type-page","status-publish","hentry"],"_links":{"self":[{"href":"https:\/\/mps.school\/mitchell\/wp-json\/wp\/v2\/pages\/53","targetHints":{"allow":["GET"]}}],"collection":[{"href":"https:\/\/mps.school\/mitchell\/wp-json\/wp\/v2\/pages"}],"about":[{"href":"https:\/\/mps.school\/mitchell\/wp-json\/wp\/v2\/types\/page"}],"author":[{"embeddable":true,"href":"https:\/\/mps.school\/mitchell\/wp-json\/wp\/v2\/users\/3"}],"replies":[{"embeddable":true,"href":"https:\/\/mps.school\/mitchell\/wp-json\/wp\/v2\/comments?post=53"}],"version-history":[{"count":0,"href":"https:\/\/mps.school\/mitchell\/wp-json\/wp\/v2\/pages\/53\/revisions"}],"wp:attachment":[{"href":"https:\/\/mps.school\/mitchell\/wp-json\/wp\/v2\/media?parent=53"}],"curies":[{"name":"wp","href":"https:\/\/api.w.org\/{rel}","templated":true}]}}